{"id":3645,"date":"2025-05-17T19:06:40","date_gmt":"2025-05-17T19:06:40","guid":{"rendered":"https:\/\/hotpink-bee-799959.hostingersite.com\/?page_id=3645"},"modified":"2025-05-22T16:43:06","modified_gmt":"2025-05-22T16:43:06","slug":"note-legali","status":"publish","type":"page","link":"https:\/\/echo-project.site\/en\/note-legali\/","title":{"rendered":"Note legali"},"content":{"rendered":"<div data-elementor-type=\"wp-page\" data-elementor-id=\"3645\" class=\"elementor elementor-3645\">\n\t\t\t\t<div class=\"elementor-element elementor-element-8f0cbd6 e-flex e-con-boxed e-con e-parent\" data-id=\"8f0cbd6\" data-element_type=\"container\" data-e-type=\"container\">\n\t\t\t\t\t<div class=\"e-con-inner\">\n\t\t\t\t<div class=\"elementor-element elementor-element-f522a4d elementor-widget elementor-widget-html\" data-id=\"f522a4d\" data-element_type=\"widget\" data-e-type=\"widget\" data-widget_type=\"html.default\">\n\t\t\t\t<div class=\"elementor-widget-container\">\n\t\t\t\t\t<!-- PAGINA: NOTE LEGALI -->\n\n<style>\nbody {\n  font-family: 'Lato', sans-serif;\n  color: #333;\n  background-color: #fff;\n  line-height: 1.6;\n  \n  max-width: 8000px;\n  margin: 0 auto;\n}\nh1 {\n  font-family: 'Montserrat', sans-serif;\n  font-size: 28px;\n  color: #1D3C4D;\n  margin-bottom: 20px;\n}\nh2 {\n  font-size: 20px;\n  color: #3D6F5A;\n  margin-top: 30px;\n}\np {\n  font-size: 16px;\n  margin-bottom: 15px;\n}\nul {\n  margin-left: 20px;\n}\n<\/style>\n\n\n\n<p>Questa pagina contiene le condizioni legali relative all'utilizzo del sito web ufficiale del progetto ECHO. Navigando su questo sito, l'utente accetta i termini e le condizioni qui riportati.<\/p>\n\n<h2>1. Informazioni generali<\/h2>\n<p>Il presente sito \u00e8 gestito dal team del progetto ECHO. Tutti i contenuti pubblicati hanno finalit\u00e0 informative e divulgative legate alle attivit\u00e0 del progetto.<\/p>\n\n<h2>2. Propriet\u00e0 intellettuale<\/h2>\n<p>I contenuti (testi, immagini, documenti, video, grafica) presenti su questo sito sono protetti da copyright e non possono essere riprodotti, distribuiti o modificati senza autorizzazione, salvo diversa indicazione specifica.<\/p>\n\n<h2>3. Collegamenti esterni<\/h2>\n<p>Il sito pu\u00f2 contenere link a siti esterni. Il team ECHO non \u00e8 responsabile dei contenuti o della protezione dei dati su siti di terze parti.<\/p>\n\n<h2>4. Limitazione di responsabilit\u00e0<\/h2>\n<p>Pur facendo il possibile per garantire l\u2019accuratezza e l\u2019aggiornamento delle informazioni, il team del progetto ECHO non assume alcuna responsabilit\u00e0 per eventuali errori, omissioni o danni derivanti dall\u2019utilizzo del sito.<\/p>\n\n<h2>5. Modifiche<\/h2>\n<p>Le presenti note legali possono essere modificate in qualsiasi momento. Le modifiche saranno pubblicate su questa pagina e avranno effetto immediato.<\/p>\n\n<p>Ultimo aggiornamento: maggio 2025<\/p>\n\t\t\t\t<\/div>\n\t\t\t\t<\/div>\n\t\t\t\t\t<\/div>\n\t\t\t\t<\/div>\n\t\t\t\t<\/div>","protected":false},"excerpt":{"rendered":"<p>Questa pagina contiene le condizioni legali relative all&#8217;utilizzo del sito web ufficiale del progetto ECHO. Navigando su questo sito, l&#8217;utente accetta i termini e le condizioni qui riportati. 1. Informazioni generali Il presente sito \u00e8 gestito dal team del progetto ECHO. Tutti i contenuti pubblicati hanno finalit\u00e0 informative e divulgative legate alle attivit\u00e0 del progetto. &hellip; <\/p>\n<p class=\"link-more\"><a href=\"https:\/\/echo-project.site\/en\/note-legali\/\" class=\"more-link\">Read more<span class=\"screen-reader-text\"> &#8220;Note legali&#8221;<\/span><\/a><\/p>","protected":false},"author":1,"featured_media":0,"parent":0,"menu_order":0,"comment_status":"closed","ping_status":"closed","template":"","meta":{"om_disable_all_campaigns":false,"_uag_custom_page_level_css":"","_monsterinsights_skip_tracking":false,"_monsterinsights_sitenote_active":false,"_monsterinsights_sitenote_note":"","_monsterinsights_sitenote_category":0,"footnotes":""},"class_list":["post-3645","page","type-page","status-publish","hentry"],"aioseo_notices":[],"uagb_featured_image_src":{"full":false,"thumbnail":false,"medium":false,"medium_large":false,"large":false,"1536x1536":false,"2048x2048":false,"trp-custom-language-flag":false,"inspiro-featured-image":false,"inspiro-loop":false,"inspiro-loop@2x":false,"portfolio_item-thumbnail":false,"portfolio_item-thumbnail@2x":false,"portfolio_item-masonry":false,"portfolio_item-masonry@2x":false,"portfolio_item-thumbnail_cinema":false,"portfolio_item-thumbnail_portrait":false,"portfolio_item-thumbnail_portrait@2x":false,"portfolio_item-thumbnail_square":false},"uagb_author_info":{"display_name":"s.jesus@enerionglobal.com","author_link":"https:\/\/echo-project.site\/en\/author\/s-jesusenerionglobal-com\/"},"uagb_comment_info":0,"uagb_excerpt":"Questa pagina contiene le condizioni legali relative all&#8217;utilizzo del sito web ufficiale del progetto ECHO. Navigando su questo sito, l&#8217;utente accetta i termini e le condizioni qui riportati. 1. Informazioni generali Il presente sito \u00e8 gestito dal team del progetto ECHO. Tutti i contenuti pubblicati hanno finalit\u00e0 informative e divulgative legate alle attivit\u00e0 del progetto.&hellip;","featured_media_urls":[],"_links":{"self":[{"href":"https:\/\/echo-project.site\/en\/wp-json\/wp\/v2\/pages\/3645","targetHints":{"allow":["GET"]}}],"collection":[{"href":"https:\/\/echo-project.site\/en\/wp-json\/wp\/v2\/pages"}],"about":[{"href":"https:\/\/echo-project.site\/en\/wp-json\/wp\/v2\/types\/page"}],"author":[{"embeddable":true,"href":"https:\/\/echo-project.site\/en\/wp-json\/wp\/v2\/users\/1"}],"replies":[{"embeddable":true,"href":"https:\/\/echo-project.site\/en\/wp-json\/wp\/v2\/comments?post=3645"}],"version-history":[{"count":4,"href":"https:\/\/echo-project.site\/en\/wp-json\/wp\/v2\/pages\/3645\/revisions"}],"predecessor-version":[{"id":6933,"href":"https:\/\/echo-project.site\/en\/wp-json\/wp\/v2\/pages\/3645\/revisions\/6933"}],"wp:attachment":[{"href":"https:\/\/echo-project.site\/en\/wp-json\/wp\/v2\/media?parent=3645"}],"curies":[{"name":"wp","href":"https:\/\/api.w.org\/{rel}","templated":true}]}}